{"id":2579,"date":"2024-01-15T19:02:25","date_gmt":"2024-01-15T19:02:25","guid":{"rendered":"https:\/\/partnersmarine.com\/?page_id=2579"},"modified":"2025-09-02T11:32:56","modified_gmt":"2025-09-02T11:32:56","slug":"sertifikalarimiz","status":"publish","type":"page","link":"https:\/\/partnersmarine.com\/?page_id=2579","title":{"rendered":"Sertifikalar\u0131m\u0131z"},"content":{"rendered":"<section class=\"wpb-content-wrapper\"><p>[vc_row full_width=&#8221;stretch_row&#8221; wrap_container=&#8221;yes&#8221; el_class=&#8221;py-5 background-color-primary bg-attach-fixed section-bottom-triangle-reverse&#8221; css=&#8221;.vc_custom_1707223060842{background-image: url(https:\/\/partnersmarine.com\/wp-content\/uploads\/2024\/01\/BG2.jpg?id=2573) !important;background-position: center !important;background-repeat: no-repeat !important;background-size: cover !important;}&#8221; conditional_render=&#8221;%5B%7B%22value_role%22%3A%22administrator%22%7D%5D&#8221;][vc_column][vc_column_text]<span style=\"color: #ffffff;\">Sahip oldu\u011fumuz sertifikalar\u0131n uluslararas\u0131 ge\u00e7erlili\u011fe sahip oldu\u011funu ve International Accreditation Forum (IAF) taraf\u0131ndan onayland\u0131\u011f\u0131n\u0131 belirtmek isteriz.<\/span><\/p>\n<p><span style=\"color: #ffffff;\">Ek olarak firmam\u0131z BUREAU VERITAS Guidance Note NI 563<\/span><\/p>\n<ul>\n<li><span style=\"color: #ffffff;\">&#8220;Standarat for Quality Management System of Seafarer Manning Offices&#8221;<\/span><\/li>\n<li><span style=\"color: #ffffff;\">Regulation 1.4 of the Maritime Labour Convention, 2006 sertifikalar\u0131na sahiptir.<\/span><\/li>\n<\/ul>\n<p>[\/vc_column_text][vc_row_inner el_class=&#8221;py-4&#8243;][vc_column_inner width=&#8221;1\/4&#8243;][\/vc_column_inner][vc_column_inner width=&#8221;1\/4&#8243;][vc_single_image image=&#8221;2861&#8243; img_size=&#8221;full&#8221; onclick=&#8221;link_image&#8221; animation_delay=&#8221;700&#8243; animation_type=&#8221;fadeInUp&#8221; el_class=&#8221;p-3 box-shadow-1 mb-4 mb-md-0&#8243; label=&#8221;&#8221;][\/vc_column_inner][vc_column_inner width=&#8221;1\/4&#8243;][vc_single_image image=&#8221;2862&#8243; img_size=&#8221;full&#8221; onclick=&#8221;link_image&#8221; animation_delay=&#8221;700&#8243; animation_type=&#8221;fadeInUp&#8221; el_class=&#8221;p-3 box-shadow-1 mb-4 mb-md-0&#8243; label=&#8221;&#8221;][\/vc_column_inner][vc_column_inner width=&#8221;1\/4&#8243;][\/vc_column_inner][\/vc_row_inner][vc_row_inner el_class=&#8221;py-4&#8243;][vc_column_inner width=&#8221;1\/3&#8243;][vc_single_image image=&#8221;2580&#8243; img_size=&#8221;full&#8221; alignment=&#8221;center&#8221; onclick=&#8221;link_image&#8221; animation_delay=&#8221;500&#8243; animation_type=&#8221;fadeInUp&#8221; el_class=&#8221;p-3 box-shadow-1 mb-4 mb-md-0&#8243;][\/vc_column_inner][vc_column_inner width=&#8221;1\/3&#8243;][vc_single_image image=&#8221;2581&#8243; img_size=&#8221;full&#8221; onclick=&#8221;link_image&#8221; animation_delay=&#8221;700&#8243; animation_type=&#8221;fadeInUp&#8221; el_class=&#8221;p-3 box-shadow-1 mb-4 mb-md-0&#8243;][\/vc_column_inner][vc_column_inner width=&#8221;1\/3&#8243;][vc_single_image image=&#8221;2582&#8243; img_size=&#8221;full&#8221; onclick=&#8221;link_image&#8221; animation_delay=&#8221;900&#8243; animation_type=&#8221;fadeInUp&#8221; el_class=&#8221;p-3 box-shadow-1 mb-0&#8243;][\/vc_column_inner][\/vc_row_inner][\/vc_column][\/vc_row]<\/p>\n<\/section>","protected":false},"excerpt":{"rendered":"<p>[vc_row full_width=&#8221;stretch_row&#8221; wrap_container=&#8221;yes&#8221; el_class=&#8221;py-5 background-color-primary bg-attach-fixed section-bottom-triangle-reverse&#8221; css=&#8221;.vc_custom_1707223060842{background-image: url(https:\/\/partnersmarine.com\/wp-content\/uploads\/2024\/01\/BG2.jpg?id=2573) !important;background-position: center !important;background-repeat: no-repeat !important;background-size: cover !important;}&#8221; conditional_render=&#8221;%5B%7B%22value_role%22%3A%22administrator%22%7D%5D&#8221;][vc_column][vc_column_text]Sahip oldu\u011fumuz sertifikalar\u0131n uluslararas\u0131 ge\u00e7erlili\u011fe sahip oldu\u011funu ve International Accreditation Forum (IAF) taraf\u0131ndan onayland\u0131\u011f\u0131n\u0131 belirtmek isteriz. Ek olarak firmam\u0131z BUREAU VERITAS Guidance Note NI 563 &#8220;Standarat for Quality Management System of Seafarer Manning Offices&#8221; Regulation 1.4 of the Maritime [&hellip;]<\/p>\n","protected":false},"author":1,"featured_media":0,"parent":0,"menu_order":0,"comment_status":"closed","ping_status":"closed","template":"","meta":{"footnotes":""},"class_list":["post-2579","page","type-page","status-publish","hentry"],"lang":"tr","translations":{"tr":2579,"en":2800},"pll_sync_post":[],"_links":{"self":[{"href":"https:\/\/partnersmarine.com\/index.php?rest_route=\/wp\/v2\/pages\/2579","targetHints":{"allow":["GET"]}}],"collection":[{"href":"https:\/\/partnersmarine.com\/index.php?rest_route=\/wp\/v2\/pages"}],"about":[{"href":"https:\/\/partnersmarine.com\/index.php?rest_route=\/wp\/v2\/types\/page"}],"author":[{"embeddable":true,"href":"https:\/\/partnersmarine.com\/index.php?rest_route=\/wp\/v2\/users\/1"}],"replies":[{"embeddable":true,"href":"https:\/\/partnersmarine.com\/index.php?rest_route=%2Fwp%2Fv2%2Fcomments&post=2579"}],"version-history":[{"count":26,"href":"https:\/\/partnersmarine.com\/index.php?rest_route=\/wp\/v2\/pages\/2579\/revisions"}],"predecessor-version":[{"id":2863,"href":"https:\/\/partnersmarine.com\/index.php?rest_route=\/wp\/v2\/pages\/2579\/revisions\/2863"}],"wp:attachment":[{"href":"https:\/\/partnersmarine.com\/index.php?rest_route=%2Fwp%2Fv2%2Fmedia&parent=2579"}],"curies":[{"name":"wp","href":"https:\/\/api.w.org\/{rel}","templated":true}]}}