{"id":2,"date":"2020-06-09T02:42:48","date_gmt":"2020-06-09T02:42:48","guid":{"rendered":"https:\/\/partnersmarine.com\/?page_id=2"},"modified":"2024-05-06T20:39:02","modified_gmt":"2024-05-06T20:39:02","slug":"ansayfa","status":"publish","type":"page","link":"https:\/\/partnersmarine.com\/","title":{"rendered":"Anasayfa"},"content":{"rendered":"<section class=\"wpb-content-wrapper\"><p>[vc_row wrap_container=&#8221;yes&#8221; css=&#8221;.vc_custom_1706690886556{margin-top: -200px !important;}&#8221; el_class=&#8221;custom-info-boxes mb-5 pb-4 pb-xl-5&#8243; el_id=&#8221;start-page&#8221; conditional_render=&#8221;%5B%7B%22value_role%22%3A%22administrator%22%7D%5D&#8221;][vc_column animation_delay=&#8221;500&#8243; offset=&#8221;vc_col-lg-4 vc_col-md-6&#8243; el_class=&#8221;mb-4 mb-xl-0 pb-2 pb-xl-0&#8243; animation_type=&#8221;fadeInRight&#8221;]<div class=\"porto-sicon-box  vc_custom_1706689225891 p-5 mb-0 background-color-light box-shadow-1 h-100  wpb_custom_6bd3ea43243bb56571d580d187f8d1d7 style_1 top-icon\"><div class=\"porto-sicon-top\"><div id=\"porto-icon-108243151569fb2311d4e9e\" class=\"porto-just-icon-wrapper porto-sicon-img\" style=\"font-size: 120px;\"><img loading=\"lazy\" decoding=\"async\" class=\"img-icon\" alt=\"\" src=\"https:\/\/partnersmarine.com\/wp-content\/uploads\/2024\/01\/dumen.png\" width=\"377\" height=\"377\" \/><\/div><\/div><div class=\"porto-sicon-header\"><h3 class=\"porto-sicon-title\" style=\"font-weight:700;font-size:1.5rem;line-height:1.5;color:#065084;\">A+ Hizmet<\/h3><\/div> <!-- header --><div class=\"porto-sicon-description\" style=\"\"><span style=\"font-weight: 400; color: #383838;\">&#8220;A+&#8221; m\u00fckemmelli\u011fi ve \u00fcst d\u00fczey performans\u0131 simgeler. Hizmetimizin s\u00fcrekli olarak en y\u00fcksek kalite standartlar\u0131n\u0131 sundu\u011funu ve sekt\u00f6r beklentilerinin \u00f6tesine ge\u00e7meyi hedefler.<\/span><\/div> <!-- description --><\/div><!-- porto-sicon-box -->[\/vc_column][vc_column animation_delay=&#8221;200&#8243; offset=&#8221;vc_col-lg-4 vc_col-md-6&#8243; el_class=&#8221;mb-4 mb-xl-0 pb-2 pb-xl-0&#8243; animation_type=&#8221;zoomIn&#8221; conditional_render=&#8221;%5B%7B%22value_role%22%3A%22administrator%22%7D%5D&#8221;]<div class=\"porto-sicon-box  vc_custom_1707169405484 p-5 mb-0 background-color-light box-shadow-1 h-100  wpb_custom_6bd3ea43243bb56571d580d187f8d1d7 style_1 top-icon\"><div class=\"porto-sicon-top\"><div id=\"porto-icon-64618094369fb2311d553f\" class=\"porto-just-icon-wrapper porto-sicon-img\" style=\"font-size: 98px;\"><img loading=\"lazy\" decoding=\"async\" class=\"img-icon\" alt=\"\" src=\"https:\/\/partnersmarine.com\/wp-content\/uploads\/2024\/01\/capa.png\" width=\"285\" height=\"351\" \/><\/div><\/div><div class=\"porto-sicon-header\"><h3 class=\"porto-sicon-title\" style=\"font-weight:700;font-size:1.5rem;line-height:1.5;color:#065084;\">G\u00fcven<\/h3><\/div> <!-- header --><div class=\"porto-sicon-description\" style=\"\"><span style=\"font-weight: 400; color: #383838;\">\u015eirketimizin hizmet anlay\u0131\u015f\u0131, payda\u015flar\u0131m\u0131zla olan ili\u015fkileri tamamen samimiyet ve g\u00fcven temelinde in\u015faa etmektedir. M\u00fc\u015fterilerimizin i\u015fini, kendi i\u015fimiz gibi benimsemekteyiz. Bu yakla\u015f\u0131m\u0131m\u0131zla, sa\u011flad\u0131\u011f\u0131m\u0131z hizmetin etkinli\u011fini ve d\u00fczenini en \u00fcst d\u00fczeye \u00e7\u0131karmay\u0131 hedefliyoruz.<\/span><\/div> <!-- description --><\/div><!-- porto-sicon-box -->[\/vc_column][vc_column animation_delay=&#8221;500&#8243; offset=&#8221;vc_col-lg-4 vc_col-md-6&#8243; el_class=&#8221;mb-4 mb-xl-0 pb-2 pb-xl-0&#8243; animation_type=&#8221;fadeInLeft&#8221;]<div class=\"porto-sicon-box  vc_custom_1707169445077 p-5 mb-0 background-color-light box-shadow-1 h-100  wpb_custom_6bd3ea43243bb56571d580d187f8d1d7 style_1 top-icon\"><div class=\"porto-sicon-top\"><div id=\"porto-icon-19531271569fb2311d5b80\" class=\"porto-just-icon-wrapper porto-sicon-img\" style=\"font-size: 127px;\"><img loading=\"lazy\" decoding=\"async\" class=\"img-icon\" alt=\"\" src=\"https:\/\/partnersmarine.com\/wp-content\/uploads\/2024\/01\/gemi.png\" width=\"381\" height=\"359\" \/><\/div><\/div><div class=\"porto-sicon-header\"><h3 class=\"porto-sicon-title\" style=\"font-weight:700;font-size:1.5rem;line-height:1.5;color:#065084;\">Profesyonel<\/h3><\/div> <!-- header --><div class=\"porto-sicon-description\" style=\"\"><span style=\"font-weight: 400; color: #383838;\">\u201cExclusive\u201d ve \u201cA+\u201d kombinasyonu, profesyonellik ve m\u00fcmk\u00fcn olan en iyi hizmeti sunma taahh\u00fcd\u00fcn\u00fc yans\u0131tmaktad\u0131r. M\u00fc\u015fterilerimizin \u015firketimizi g\u00fcvenilir olarak alg\u0131lamas\u0131n\u0131n anahtar\u0131d\u0131r.<\/span><\/div> <!-- description --><\/div><!-- porto-sicon-box -->[\/vc_column][\/vc_row][vc_row content_placement=&#8221;middle&#8221; no_padding=&#8221;yes&#8221; el_class=&#8221;mb-lg-5 pb-md-4&#8243; conditional_render=&#8221;%5B%7B%22value_role%22%3A%22administrator%22%7D%5D&#8221;][vc_column animation_delay=&#8221;100&#8243; offset=&#8221;vc_col-md-6&#8243; css=&#8221;.vc_custom_1705344815168{padding-top: 28vh !important;padding-bottom: 28vh !important;background-image: url(https:\/\/partnersmarine.com\/wp-content\/uploads\/2024\/01\/home-image.jpg?id=2529) !important;background-position: center !important;background-repeat: no-repeat !important;background-size: cover !important;}&#8221; el_class=&#8221;section-right-triangle&#8221; animation_type=&#8221;fadeIn&#8221; conditional_render=&#8221;%5B%7B%22value_role%22%3A%22administrator%22%7D%5D&#8221;][\/vc_column][vc_column is_half=&#8221;yes&#8221; offset=&#8221;vc_col-md-6&#8243; half_css=&#8221;py-5&#8243;][vc_custom_heading text=&#8221;Denizcilik sekt\u00f6r\u00fcnde etkin m\u00fcrettebat optimizasyonu&#8221; font_container=&#8221;tag:h3|font_size:1.8em|text_align:left|line_height:1&#8243; use_theme_fonts=&#8221;yes&#8221; text_transform=&#8221;text-capitalize&#8221; animation_delay=&#8221;200&#8243; el_class=&#8221;mb-2&#8243; animation_type=&#8221;fadeInUp&#8221;][vc_custom_heading text=&#8221;Partners, denizcilik sekt\u00f6r\u00fcne A+ Exclusive Crew Optimization hizmeti sunarak sekt\u00f6re yeni bir soluk getiriyor. 40 y\u0131l\u0131 a\u015fk\u0131n deneyimimiz ve sekt\u00f6r bilgimizle, d\u00fcnya ticaret gemilerinin g\u00fcvenli bir \u015fekilde seyir yapabilmesi i\u00e7in \u00e7\u00f6z\u00fcmler sunuyoruz. Amac\u0131m\u0131z, hem \u015firket sahiplerinin hem de gemi \u00e7al\u0131\u015fanlar\u0131n\u0131n refah\u0131n\u0131 en \u00fcst d\u00fczeye \u00e7\u0131karmak ve uluslararas\u0131 d\u00fczenlemeleri ve e\u011fitimleri denizcilerin ihtiya\u00e7lar\u0131na uygun hale getirmektir.&#8221; font_container=&#8221;tag:p|text_align:left&#8221; use_theme_fonts=&#8221;yes&#8221; animation_delay=&#8221;300&#8243; animation_type=&#8221;fadeInUp&#8221;][vc_custom_heading text=&#8221;Denizcilik sekt\u00f6r\u00fcnde fark yaratmay\u0131 hedefliyor, gemi sahiplerine ve i\u015fletmecilerine en y\u00fcksek standartlarda i\u015fletme ve denizcilik servisleri konusunda yard\u0131mc\u0131 oluyoruz. Ayn\u0131 zamanda denizcilerimize en iyi e\u011fitim ve destekleri sunarak, kariyerlerini ileriye ta\u015f\u0131malar\u0131na destek oluyoruz.&#8221; font_container=&#8221;tag:p|text_align:left&#8221; use_theme_fonts=&#8221;yes&#8221; animation_delay=&#8221;400&#8243; el_class=&#8221;mb-4&#8243; animation_type=&#8221;fadeInUp&#8221;][vc_custom_heading text=&#8221;D\u00fcnya ticaret gemilerinin g\u00fcvenli bir \u015fekilde seyir yapabilmesi, bizim \u00f6nceli\u011fimizdir. A+ Exclusive Crew Optimization hizmetimizle sekt\u00f6re de\u011fer katmaya devam ediyoruz. Sizlere daha g\u00fcvenli ve ba\u015far\u0131l\u0131 deniz yolculuklar\u0131 sunmak i\u00e7in buraday\u0131z.&#8221; font_container=&#8221;tag:p|text_align:left&#8221; use_theme_fonts=&#8221;yes&#8221; animation_delay=&#8221;400&#8243; el_class=&#8221;mb-4&#8243; animation_type=&#8221;fadeInUp&#8221;][vc_btn title=&#8221;HAKKIMIZDA&#8221; style=&#8221;outline&#8221; align=&#8221;left&#8221; skin=&#8221;primary&#8221; animation_delay=&#8221;500&#8243; animation_type=&#8221;fadeInUp&#8221; link=&#8221;url:https%3A%2F%2Fpartnersmarine.com%2F%3Fpage_id%3D11|title:Hakk%C4%B1m%C4%B1zda&#8221;][\/vc_column][\/vc_row][vc_row wrap_container=&#8221;yes&#8221; el_class=&#8221;mb-5&#8243; conditional_render=&#8221;%5B%7B%22value_role%22%3A%22administrator%22%7D%5D&#8221;][vc_column animation_delay=&#8221;200&#8243; offset=&#8221;vc_col-md-4&#8243; el_class=&#8221;mb-4 mb-lg-0&#8243; animation_type=&#8221;fadeInUp&#8221;][vc_custom_heading text=&#8221;A+&#8221; font_container=&#8221;tag:h3|font_size:2.575rem|text_align:left|color:%23065084|line_height:1&#8243; use_theme_fonts=&#8221;yes&#8221; text_transform=&#8221;text-capitalize&#8221; font_weight=&#8221;600&#8243; el_class=&#8221;pe-5 mb-3&#8243;][vc_custom_heading text=&#8221;\u00d6zel M\u00fcrettebat Optimizasyonu&#8221; font_container=&#8221;tag:h3|text_align:left|color:%23065084&#8243; use_theme_fonts=&#8221;yes&#8221; el_class=&#8221;mb-3&#8243;][\/vc_column][vc_column animation_delay=&#8221;500&#8243; offset=&#8221;vc_col-md-8&#8243; animation_type=&#8221;fadeInUp&#8221;][vc_custom_heading text=&#8221;A+ Exclusive Crew Optimization, denizcilik sekt\u00f6r\u00fcnde g\u00fc\u00e7l\u00fc ve profesyonel bir m\u00fcrettebat y\u00f6netimi hizmetidir. Ad\u0131m\u0131z, se\u00e7kin bir m\u00fc\u015fteri grubuna \u00f6zel ve birinci s\u0131n\u0131f bir hizmet sunma taahh\u00fcd\u00fcm\u00fcz\u00fc yans\u0131tmaktad\u0131r.<br \/>\nEtkili m\u00fcrettebat optimizasyonu, genel operasyonlar\u0131 optimize etmek ve gemi g\u00fcvenli\u011fini sa\u011flamak i\u00e7in hayati \u00f6nem ta\u015f\u0131r. Maliyetleri azaltmaya, m\u00fcrettebat memnuniyetini art\u0131rmaya ve m\u00fc\u015fteri deneyimini iyile\u015ftirmeye yard\u0131mc\u0131 olur.&#8221; font_container=&#8221;tag:p|text_align:left&#8221; use_theme_fonts=&#8221;yes&#8221; css=&#8221;.vc_custom_1706096429357{margin-top: -6px !important;}&#8221;][\/vc_column][\/vc_row][vc_row wrap_container=&#8221;yes&#8221; el_class=&#8221;py-5 background-color-primary bg-attach-fixed section-bottom-triangle-reverse&#8221; css=&#8221;.vc_custom_1707169969258{background-image: url(https:\/\/partnersmarine.com\/wp-content\/uploads\/2024\/01\/BG2.jpg?id=2573) !important;background-position: center !important;background-repeat: no-repeat !important;background-size: cover !important;}&#8221; conditional_render=&#8221;%5B%7B%22value_role%22%3A%22administrator%22%7D%5D&#8221;][vc_column][vc_custom_heading text=&#8221;H\u0130ZMETLER\u0130M\u0130Z&#8221; font_container=&#8221;tag:p|text_align:center&#8221; use_theme_fonts=&#8221;yes&#8221; skin=&#8221;light&#8221; el_class=&#8221;mb-0 pt-4&#8243; animation_type=&#8221;fadeIn&#8221;][vc_custom_heading text=&#8221;Optimizasyon Hizmetleri Temel Bile\u015fenleri&#8221; font_container=&#8221;tag:h2|font_size:1.8em|text_align:center|line_height:1&#8243; use_theme_fonts=&#8221;yes&#8221; skin=&#8221;light&#8221; animation_delay=&#8221;100&#8243; el_class=&#8221;mb-2&#8243; animation_type=&#8221;fadeInUp&#8221;][vc_row_inner el_class=&#8221;justify-content-center cards-medical-services&#8221; css=&#8221;.vc_custom_1706208845782{padding-top: 30px !important;}&#8221;][vc_column_inner el_class=&#8221;col-sm-6 m-b-lg&#8221; width=&#8221;1\/2&#8243; animation_delay=&#8221;500&#8243; offset=&#8221;vc_col-lg-6 vc_col-md-6&#8243; animation_type=&#8221;fadeInUp&#8221;]<div class=\"porto-sicon-box  vc_custom_1707223385536 h-100 hover-effect-1 background-color-light py-5 p-l-lg p-r-lg mb-0  wpb_custom_6bd3ea43243bb56571d580d187f8d1d7 style_1 top-icon\"><div class=\"porto-sicon-top\"><div id=\"porto-icon-77563447869fb2311d616d\" class=\"porto-just-icon-wrapper porto-sicon-img\" style=\"font-size: 60px;\"><img loading=\"lazy\" decoding=\"async\" class=\"img-icon\" alt=\"\" src=\"https:\/\/partnersmarine.com\/wp-content\/uploads\/2024\/01\/favicon.png\" width=\"378\" height=\"378\" \/><\/div><\/div><div class=\"porto-sicon-header\"><h3 class=\"porto-sicon-title\" style=\"font-weight:700;font-size:1.3125rem;line-height:1.4;\">M\u00dcRETTEBAT Y\u00d6NET\u0130MLER\u0130 VE OPERASYONLARI<\/h3><\/div> <!-- header --><div class=\"porto-sicon-description\" style=\"\"><span style=\"color: #383838;\"><span style=\"font-weight: 400;\">M\u00fcrettebat Se\u00e7imi ve \u0130\u015fe Al\u0131m\u0131<br \/>\n<\/span><\/span><span style=\"color: #383838;\"><span style=\"font-weight: 400;\">Mobilizasyon ve Planlama<br \/>\nE\u011fitim ve Performans Yetkinlik Y\u00f6netimi<\/span><\/span><\/div> <!-- description --><\/div><!-- porto-sicon-box -->[\/vc_column_inner][vc_column_inner el_class=&#8221;col-sm-6 m-b-lg&#8221; width=&#8221;1\/2&#8243; animation_delay=&#8221;700&#8243; offset=&#8221;vc_col-lg-6 vc_col-md-6&#8243; animation_type=&#8221;fadeInUp&#8221;]<div class=\"porto-sicon-box  vc_custom_1707223403179 h-100 hover-effect-1 background-color-light py-5 p-l-lg p-r-lg mb-0  wpb_custom_6bd3ea43243bb56571d580d187f8d1d7 style_1 top-icon\"><div class=\"porto-sicon-top\"><div id=\"porto-icon-197881292969fb2311d64b8\" class=\"porto-just-icon-wrapper porto-sicon-img\" style=\"font-size: 60px;\"><img loading=\"lazy\" decoding=\"async\" class=\"img-icon\" alt=\"\" src=\"https:\/\/partnersmarine.com\/wp-content\/uploads\/2024\/01\/favicon.png\" width=\"378\" height=\"378\" \/><\/div><\/div><div class=\"porto-sicon-header\"><h3 class=\"porto-sicon-title\" style=\"font-weight:700;font-size:1.3125rem;line-height:1.4;\">B\u00dcT\u00c7ELEME VE T\u0130CAR\u0130 DESTEK<\/h3><\/div> <!-- header --><div class=\"porto-sicon-description\" style=\"\"><span style=\"color: #383838;\">Tam Kapsaml\u0131 B\u00fct\u00e7e Olu\u015fturulmas\u0131<br \/>\nFinansal ve Muhasebesel Raporlama<br \/>\nY\u0131ll\u0131k Varsay\u0131msal B\u00fct\u00e7eleme<\/span><\/div> <!-- description --><\/div><!-- porto-sicon-box -->[\/vc_column_inner][vc_column_inner el_class=&#8221;col-sm-6 m-b-lg&#8221; width=&#8221;1\/2&#8243; animation_delay=&#8221;900&#8243; offset=&#8221;vc_col-lg-6 vc_col-md-6&#8243; animation_type=&#8221;fadeInUp&#8221;]<div class=\"porto-sicon-box  vc_custom_1707223411812 h-100 hover-effect-1 background-color-light py-5 p-l-lg p-r-lg mb-0  wpb_custom_6bd3ea43243bb56571d580d187f8d1d7 style_1 top-icon\"><div class=\"porto-sicon-top\"><div id=\"porto-icon-61204178469fb2311d67ab\" class=\"porto-just-icon-wrapper porto-sicon-img\" style=\"font-size: 60px;\"><img loading=\"lazy\" decoding=\"async\" class=\"img-icon\" alt=\"\" src=\"https:\/\/partnersmarine.com\/wp-content\/uploads\/2024\/01\/favicon.png\" width=\"378\" height=\"378\" \/><\/div><\/div><div class=\"porto-sicon-header\"><h3 class=\"porto-sicon-title\" style=\"font-weight:700;font-size:1.3125rem;line-height:1.4;\">LOJ\u0130ST\u0130K VE TRANSFER<\/h3><\/div> <!-- header --><div class=\"porto-sicon-description\" style=\"\"><span style=\"color: #383838;\">\u0130stanbul \u0130\u00e7i Vito VIP Ara\u00e7 Tedari\u011fi<br \/>\nTransfer ve Konaklama Organizasyonlar\u0131<\/span><\/div> <!-- description --><\/div><!-- porto-sicon-box -->[\/vc_column_inner][vc_column_inner el_class=&#8221;col-sm-6 m-b-lg&#8221; width=&#8221;1\/2&#8243; animation_delay=&#8221;1100&#8243; offset=&#8221;vc_col-lg-6 vc_col-md-6&#8243; animation_type=&#8221;fadeInUp&#8221;]<div class=\"porto-sicon-box  vc_custom_1709109628400 h-100 hover-effect-1 background-color-light py-5 p-l-lg p-r-lg mb-0  wpb_custom_6bd3ea43243bb56571d580d187f8d1d7 style_1 top-icon\"><div class=\"porto-sicon-top\"><div id=\"porto-icon-40871921469fb2311d6a6e\" class=\"porto-just-icon-wrapper porto-sicon-img\" style=\"font-size: 60px;\"><img loading=\"lazy\" decoding=\"async\" class=\"img-icon\" alt=\"\" src=\"https:\/\/partnersmarine.com\/wp-content\/uploads\/2024\/01\/favicon.png\" width=\"378\" height=\"378\" \/><\/div><\/div><div class=\"porto-sicon-header\"><h3 class=\"porto-sicon-title\" style=\"font-weight:700;font-size:1.3125rem;line-height:1.4;\">ORGAN\u0130ZASYONEL Y\u00d6NET\u0130\u015e\u0130M VE DANI\u015eMANLIK<\/h3><\/div> <!-- header --><div class=\"porto-sicon-description\" style=\"\"><span style=\"color: #383838;\">\u015eirket Departman\u0131 Altyap\u0131 Kurulumu<br \/>\nOrganizasyon \u015eemas\u0131<br \/>\n\u0130\u015f Tan\u0131mlar\u0131 ve Sorumluluklar\u0131<br \/>\nStratejik ve Hukuksal Destek<\/span><\/div> <!-- description --><\/div><!-- porto-sicon-box -->[\/vc_column_inner][\/vc_row_inner][vc_custom_heading text=&#8221;UZMANA \u0130HT\u0130YACINIZ MI VAR ?&#8221; font_container=&#8221;tag:p|text_align:center&#8221; use_theme_fonts=&#8221;yes&#8221; skin=&#8221;light&#8221; animation_delay=&#8221;300&#8243; el_class=&#8221;mb-2 pt-4&#8243; animation_type=&#8221;fadeInUp&#8221;][vc_custom_heading text=&#8221;Bize Ula\u015f\u0131n&#8221; font_container=&#8221;tag:h3|font_size:1.8em|text_align:center|line_height:1&#8243; use_theme_fonts=&#8221;yes&#8221; skin=&#8221;light&#8221; animation_delay=&#8221;400&#8243; el_class=&#8221;mb-4&#8243; animation_type=&#8221;fadeInUp&#8221;][vc_btn title=&#8221;\u0130LET\u0130\u015e\u0130M&#8221; style=&#8221;outline&#8221; align=&#8221;center&#8221; skin=&#8221;light&#8221; animation_delay=&#8221;500&#8243; el_class=&#8221;mb-5 pb-lg-5&#8243; animation_type=&#8221;fadeInUp&#8221; link=&#8221;url:https%3A%2F%2Fpartnersmarine.com%2F%3Fpage_id%3D6|title:%C4%B0leti%C5%9Fim&#8221;][\/vc_column][\/vc_row][vc_row el_class=&#8221;pt-5 pt-lg-0 pb-lg-5&#8243; conditional_render=&#8221;%5B%7B%22value_role%22%3A%22administrator%22%7D%5D&#8221;][vc_column][vc_custom_heading text=&#8221;Vito Transfer&#8221; font_container=&#8221;tag:h2|font_size:1.8em|text_align:center|line_height:1&#8243; use_theme_fonts=&#8221;yes&#8221; animation_delay=&#8221;100&#8243; el_class=&#8221;mb-2&#8243; animation_type=&#8221;fadeInUp&#8221;][vc_column_text]<div class=\"_df_book df-lite\" id=\"df_2841\"  data-title=\"vito-tr\" _slug=\"vito-tr\" wpoptions=\"true\" thumb=\"https:\/\/partnersmarine.com\/wp-content\/uploads\/2024\/02\/Ekran-Resmi-2024-02-24-00.30.56.png\" thumbtype=\"\" ><\/div><script class=\"df-shortcode-script\" type=\"application\/javascript\">window.option_df_2841 = {\"outline\":[],\"backgroundColor\":\"#fff\",\"autoEnableOutline\":\"false\",\"autoEnableThumbnail\":\"false\",\"overwritePDFOutline\":\"false\",\"direction\":\"1\",\"pageSize\":\"0\",\"source\":\"https:\\\/\\\/partnersmarine.com\\\/wp-content\\\/uploads\\\/2024\\\/03\\\/5.pdf\",\"wpOptions\":\"true\"}; if(window.DFLIP && window.DFLIP.parseBooks){window.DFLIP.parseBooks();}<\/script>[\/vc_column_text][\/vc_column][\/vc_row]<\/p>\n<\/section>","protected":false},"excerpt":{"rendered":"<p>[vc_row wrap_container=&#8221;yes&#8221; css=&#8221;.vc_custom_1706690886556{margin-top: -200px !important;}&#8221; el_class=&#8221;custom-info-boxes mb-5 pb-4 pb-xl-5&#8243; el_id=&#8221;start-page&#8221; conditional_render=&#8221;%5B%7B%22value_role%22%3A%22administrator%22%7D%5D&#8221;][vc_column animation_delay=&#8221;500&#8243; offset=&#8221;vc_col-lg-4 vc_col-md-6&#8243; el_class=&#8221;mb-4 mb-xl-0 pb-2 pb-xl-0&#8243; animation_type=&#8221;fadeInRight&#8221;][\/vc_column][vc_column animation_delay=&#8221;200&#8243; offset=&#8221;vc_col-lg-4 vc_col-md-6&#8243; el_class=&#8221;mb-4 mb-xl-0 pb-2 pb-xl-0&#8243; animation_type=&#8221;zoomIn&#8221; conditional_render=&#8221;%5B%7B%22value_role%22%3A%22administrator%22%7D%5D&#8221;][\/vc_column][vc_column animation_delay=&#8221;500&#8243; offset=&#8221;vc_col-lg-4 vc_col-md-6&#8243; el_class=&#8221;mb-4 mb-xl-0 pb-2 pb-xl-0&#8243; animation_type=&#8221;fadeInLeft&#8221;][\/vc_column][\/vc_row][vc_row content_placement=&#8221;middle&#8221; no_padding=&#8221;yes&#8221; el_class=&#8221;mb-lg-5 pb-md-4&#8243; conditional_render=&#8221;%5B%7B%22value_role%22%3A%22administrator%22%7D%5D&#8221;][vc_column animation_delay=&#8221;100&#8243; offset=&#8221;vc_col-md-6&#8243; css=&#8221;.vc_custom_1705344815168{padding-top: 28vh !important;padding-bottom: 28vh !important;background-image: url(https:\/\/partnersmarine.com\/wp-content\/uploads\/2024\/01\/home-image.jpg?id=2529) !important;background-position: center !important;background-repeat: no-repeat !important;background-size: cover [&hellip;]<\/p>\n","protected":false},"author":1,"featured_media":0,"parent":0,"menu_order":0,"comment_status":"closed","ping_status":"closed","template":"","meta":{"footnotes":""},"class_list":["post-2","page","type-page","status-publish","hentry"],"lang":"tr","translations":{"tr":2,"en":2635},"pll_sync_post":[],"_links":{"self":[{"href":"https:\/\/partnersmarine.com\/index.php?rest_route=\/wp\/v2\/pages\/2","targetHints":{"allow":["GET"]}}],"collection":[{"href":"https:\/\/partnersmarine.com\/index.php?rest_route=\/wp\/v2\/pages"}],"about":[{"href":"https:\/\/partnersmarine.com\/index.php?rest_route=\/wp\/v2\/types\/page"}],"author":[{"embeddable":true,"href":"https:\/\/partnersmarine.com\/index.php?rest_route=\/wp\/v2\/users\/1"}],"replies":[{"embeddable":true,"href":"https:\/\/partnersmarine.com\/index.php?rest_route=%2Fwp%2Fv2%2Fcomments&post=2"}],"version-history":[{"count":52,"href":"https:\/\/partnersmarine.com\/index.php?rest_route=\/wp\/v2\/pages\/2\/revisions"}],"predecessor-version":[{"id":2857,"href":"https:\/\/partnersmarine.com\/index.php?rest_route=\/wp\/v2\/pages\/2\/revisions\/2857"}],"wp:attachment":[{"href":"https:\/\/partnersmarine.com\/index.php?rest_route=%2Fwp%2Fv2%2Fmedia&parent=2"}],"curies":[{"name":"wp","href":"https:\/\/api.w.org\/{rel}","templated":true}]}}