{"id":11,"date":"2020-06-09T03:28:24","date_gmt":"2020-06-09T03:28:24","guid":{"rendered":"http:\/\/sw-themes.com\/porto_dummy\/?page_id=11"},"modified":"2024-01-31T08:22:54","modified_gmt":"2024-01-31T08:22:54","slug":"hakkimizda","status":"publish","type":"page","link":"https:\/\/partnersmarine.com\/?page_id=11","title":{"rendered":"Hakk\u0131m\u0131zda"},"content":{"rendered":"<section class=\"wpb-content-wrapper\"><p>[vc_row content_placement=&#8221;middle&#8221; no_padding=&#8221;yes&#8221; el_class=&#8221;mb-lg-5 pb-md-4&#8243; css=&#8221;.vc_custom_1706096164359{padding-top: 30px !important;}&#8221; conditional_render=&#8221;%5B%7B%22value_role%22%3A%22administrator%22%7D%5D&#8221;][vc_column animation_delay=&#8221;100&#8243; offset=&#8221;vc_col-md-6&#8243; css=&#8221;.vc_custom_1705344815168{padding-top: 28vh !important;padding-bottom: 28vh !important;background-image: url(https:\/\/partnersmarine.com\/wp-content\/uploads\/2024\/01\/home-image.jpg?id=2529) !important;background-position: center !important;background-repeat: no-repeat !important;background-size: cover !important;}&#8221; el_class=&#8221;section-right-triangle&#8221; animation_type=&#8221;fadeIn&#8221; conditional_render=&#8221;%5B%7B%22value_role%22%3A%22administrator%22%7D%5D&#8221;][\/vc_column][vc_column is_half=&#8221;yes&#8221; offset=&#8221;vc_col-md-6&#8243; half_css=&#8221;py-5&#8243;][vc_custom_heading text=&#8221;Partners Marine&#8221; font_container=&#8221;tag:h3|font_size:1.8em|text_align:left|line_height:1&#8243; use_theme_fonts=&#8221;yes&#8221; text_transform=&#8221;text-capitalize&#8221; animation_delay=&#8221;200&#8243; el_class=&#8221;mb-2&#8243; animation_type=&#8221;fadeInUp&#8221;][vc_custom_heading text=&#8221;Partners, denizcilik sekt\u00f6r\u00fcne A+ Exclusive Crew Optimization hizmeti sunarak sekt\u00f6re yeni bir soluk getiriyor. 40 y\u0131l\u0131 a\u015fk\u0131n deneyimimiz ve sekt\u00f6r bilgimizle, d\u00fcnya ticaret gemilerinin g\u00fcvenli bir \u015fekilde seyir yapabilmesi i\u00e7in \u00e7\u00f6z\u00fcmler sunuyoruz. Amac\u0131m\u0131z, hem \u015firket sahiplerinin hem de gemi \u00e7al\u0131\u015fanlar\u0131n\u0131n refah\u0131n\u0131 en \u00fcst d\u00fczeye \u00e7\u0131karmak ve uluslararas\u0131 d\u00fczenlemeleri ve e\u011fitimleri denizcilerin ihtiya\u00e7lar\u0131na uygun hale getirmektir.&#8221; font_container=&#8221;tag:p|text_align:left&#8221; use_theme_fonts=&#8221;yes&#8221; animation_delay=&#8221;300&#8243; animation_type=&#8221;fadeInUp&#8221;][vc_custom_heading text=&#8221;Denizcilik sekt\u00f6r\u00fcnde fark yaratmay\u0131 hedefliyor, gemi sahiplerine ve i\u015fletmecilerine en y\u00fcksek standartlarda i\u015fletme ve denizcilik servisleri konusunda yard\u0131mc\u0131 oluyoruz. Ayn\u0131 zamanda denizcilerimize en iyi e\u011fitim ve destekleri sunarak, kariyerlerini ileriye ta\u015f\u0131malar\u0131na destek oluyoruz.&#8221; font_container=&#8221;tag:p|text_align:left&#8221; use_theme_fonts=&#8221;yes&#8221; animation_delay=&#8221;400&#8243; el_class=&#8221;mb-4&#8243; animation_type=&#8221;fadeInUp&#8221;][vc_custom_heading text=&#8221;D\u00fcnya ticaret gemilerinin g\u00fcvenli bir \u015fekilde seyir yapabilmesi, bizim \u00f6nceli\u011fimizdir. A+ Exclusive Crew Optimization hizmetimizle sekt\u00f6re de\u011fer katmaya devam ediyoruz. Sizlere daha g\u00fcvenli ve ba\u015far\u0131l\u0131 deniz yolculuklar\u0131 sunmak i\u00e7in buraday\u0131z.&#8221; font_container=&#8221;tag:p|text_align:left&#8221; use_theme_fonts=&#8221;yes&#8221; animation_delay=&#8221;400&#8243; el_class=&#8221;mb-4&#8243; animation_type=&#8221;fadeInUp&#8221;][\/vc_column][\/vc_row][vc_row wrap_container=&#8221;yes&#8221; el_class=&#8221;mb-5&#8243; conditional_render=&#8221;%5B%7B%22value_role%22%3A%22administrator%22%7D%5D&#8221;][vc_column width=&#8221;1\/2&#8243; animation_delay=&#8221;200&#8243; offset=&#8221;vc_col-md-6&#8243; el_class=&#8221;mb-4 mb-lg-0&#8243; animation_type=&#8221;fadeInUp&#8221; conditional_render=&#8221;%5B%7B%22value_role%22%3A%22administrator%22%7D%5D&#8221;][vc_custom_heading text=&#8221;Vizyonumuz&#8221; font_container=&#8221;tag:h3|text_align:left|color:%23065084&#8243; use_theme_fonts=&#8221;yes&#8221; el_class=&#8221;mb-3&#8243;][vc_custom_heading text=&#8221;\u0130leri teknoloji ve s\u00fcrd\u00fcr\u00fclebilirlik ilkelerini benimseyerek, k\u00fcresel m\u00fcrettebat optimizasyonunda \u00f6nc\u00fc olmay\u0131 hedefliyoruz. Bu do\u011frultuda, sekt\u00f6rdeki en yenilik\u00e7i \u00e7\u00f6z\u00fcmleri kullanarak i\u015f s\u00fcre\u00e7lerimizi optimize ediyor ve s\u00fcrd\u00fcr\u00fclebilirlik odakl\u0131 stratejilerimizle hem \u015firketimizin performans\u0131n\u0131 art\u0131r\u0131yor hem de d\u00fcnya genelindeki i\u015fg\u00fcc\u00fc kaynaklar\u0131n\u0131 en etkin bi\u00e7imde y\u00f6netiyoruz.&#8221; font_container=&#8221;tag:p|text_align:left&#8221; use_theme_fonts=&#8221;yes&#8221; css=&#8221;.vc_custom_1705346663810{margin-top: -6px !important;}&#8221;][\/vc_column][vc_column width=&#8221;1\/2&#8243; animation_delay=&#8221;500&#8243; offset=&#8221;vc_col-md-6&#8243; animation_type=&#8221;fadeInUp&#8221; conditional_render=&#8221;%5B%7B%22value_role%22%3A%22administrator%22%7D%5D&#8221;][vc_custom_heading text=&#8221;Misyonumuz&#8221; font_container=&#8221;tag:h3|text_align:left|color:%23065084&#8243; use_theme_fonts=&#8221;yes&#8221; el_class=&#8221;mb-3&#8243;][vc_custom_heading text=&#8221;Verimlili\u011fi art\u0131rmak ve denizcilerin refah\u0131n\u0131 sa\u011flamak amac\u0131yla m\u00fcrettebat y\u00f6netimini optimize etmeyi taahh\u00fct ediyoruz. Sekt\u00f6rde liderlik eden uygulamalar\u0131 benimseyerek, teknolojik \u00e7\u00f6z\u00fcmleri etkin bir bi\u00e7imde kullanarak m\u00fcrettebat y\u00f6netim s\u00fcre\u00e7lerimizi geli\u015ftiriyor ve denizcilik alan\u0131ndaki en iyi uygulamalar\u0131 benimseyerek \u00e7al\u0131\u015fanlar\u0131m\u0131z\u0131n refah\u0131n\u0131 en \u00fcst d\u00fczeye \u00e7\u0131kar\u0131yoruz.&#8221; font_container=&#8221;tag:p|text_align:left&#8221; use_theme_fonts=&#8221;yes&#8221; css=&#8221;.vc_custom_1705346762744{margin-top: -6px !important;}&#8221;][\/vc_column][\/vc_row]<\/p>\n<\/section>","protected":false},"excerpt":{"rendered":"<p>[vc_row content_placement=&#8221;middle&#8221; no_padding=&#8221;yes&#8221; el_class=&#8221;mb-lg-5 pb-md-4&#8243; css=&#8221;.vc_custom_1706096164359{padding-top: 30px !important;}&#8221; conditional_render=&#8221;%5B%7B%22value_role%22%3A%22administrator%22%7D%5D&#8221;][vc_column animation_delay=&#8221;100&#8243; offset=&#8221;vc_col-md-6&#8243; css=&#8221;.vc_custom_1705344815168{padding-top: 28vh !important;padding-bottom: 28vh !important;background-image: url(https:\/\/partnersmarine.com\/wp-content\/uploads\/2024\/01\/home-image.jpg?id=2529) !important;background-position: center !important;background-repeat: no-repeat !important;background-size: cover !important;}&#8221; el_class=&#8221;section-right-triangle&#8221; animation_type=&#8221;fadeIn&#8221; conditional_render=&#8221;%5B%7B%22value_role%22%3A%22administrator%22%7D%5D&#8221;][\/vc_column][vc_column is_half=&#8221;yes&#8221; offset=&#8221;vc_col-md-6&#8243; half_css=&#8221;py-5&#8243;][vc_custom_heading text=&#8221;Partners Marine&#8221; font_container=&#8221;tag:h3|font_size:1.8em|text_align:left|line_height:1&#8243; use_theme_fonts=&#8221;yes&#8221; text_transform=&#8221;text-capitalize&#8221; animation_delay=&#8221;200&#8243; el_class=&#8221;mb-2&#8243; animation_type=&#8221;fadeInUp&#8221;][vc_custom_heading text=&#8221;Partners, denizcilik sekt\u00f6r\u00fcne A+ Exclusive Crew Optimization hizmeti sunarak sekt\u00f6re yeni bir soluk getiriyor. 40 y\u0131l\u0131 a\u015fk\u0131n [&hellip;]<\/p>\n","protected":false},"author":1,"featured_media":0,"parent":0,"menu_order":0,"comment_status":"closed","ping_status":"closed","template":"","meta":{"footnotes":""},"class_list":["post-11","page","type-page","status-publish","hentry"],"lang":"tr","translations":{"tr":11,"en":2796},"pll_sync_post":[],"_links":{"self":[{"href":"https:\/\/partnersmarine.com\/index.php?rest_route=\/wp\/v2\/pages\/11","targetHints":{"allow":["GET"]}}],"collection":[{"href":"https:\/\/partnersmarine.com\/index.php?rest_route=\/wp\/v2\/pages"}],"about":[{"href":"https:\/\/partnersmarine.com\/index.php?rest_route=\/wp\/v2\/types\/page"}],"author":[{"embeddable":true,"href":"https:\/\/partnersmarine.com\/index.php?rest_route=\/wp\/v2\/users\/1"}],"replies":[{"embeddable":true,"href":"https:\/\/partnersmarine.com\/index.php?rest_route=%2Fwp%2Fv2%2Fcomments&post=11"}],"version-history":[{"count":11,"href":"https:\/\/partnersmarine.com\/index.php?rest_route=\/wp\/v2\/pages\/11\/revisions"}],"predecessor-version":[{"id":2673,"href":"https:\/\/partnersmarine.com\/index.php?rest_route=\/wp\/v2\/pages\/11\/revisions\/2673"}],"wp:attachment":[{"href":"https:\/\/partnersmarine.com\/index.php?rest_route=%2Fwp%2Fv2%2Fmedia&parent=11"}],"curies":[{"name":"wp","href":"https:\/\/api.w.org\/{rel}","templated":true}]}}